{"id":20,"date":"2025-07-22T20:36:04","date_gmt":"2025-07-23T01:36:04","guid":{"rendered":"https:\/\/kyravaluos.com\/?page_id=20"},"modified":"2025-08-22T20:56:24","modified_gmt":"2025-08-23T01:56:24","slug":"servicios","status":"publish","type":"page","link":"https:\/\/kyravaluos.com\/index.php\/servicios\/","title":{"rendered":"Servicios"},"content":{"rendered":"\t\t<div data-elementor-type=\"wp-page\" data-elementor-id=\"20\" class=\"elementor elementor-20\">\n\t\t\t\t<div class=\"elementor-element elementor-element-3004c2a e-flex e-con-boxed e-con e-parent\" data-id=\"3004c2a\" data-element_type=\"container\" data-settings=\"{&quot;shape_divider_top&quot;:&quot;mountains&quot;}\">\n\t\t\t\t\t<div class=\"e-con-inner\">\n\t\t\t\t<div class=\"elementor-shape elementor-shape-top\" aria-hidden=\"true\" data-negative=\"false\">\n\t\t\t<svg xmlns=\"http:\/\/www.w3.org\/2000\/svg\" viewBox=\"0 0 1000 100\" preserveAspectRatio=\"none\">\n\t<path class=\"elementor-shape-fill\" opacity=\"0.33\" d=\"M473,67.3c-203.9,88.3-263.1-34-320.3,0C66,119.1,0,59.7,0,59.7V0h1000v59.7 c0,0-62.1,26.1-94.9,29.3c-32.8,3.3-62.8-12.3-75.8-22.1C806,49.6,745.3,8.7,694.9,4.7S492.4,59,473,67.3z\"\/>\n\t<path class=\"elementor-shape-fill\" opacity=\"0.66\" d=\"M734,67.3c-45.5,0-77.2-23.2-129.1-39.1c-28.6-8.7-150.3-10.1-254,39.1 s-91.7-34.4-149.2,0C115.7,118.3,0,39.8,0,39.8V0h1000v36.5c0,0-28.2-18.5-92.1-18.5C810.2,18.1,775.7,67.3,734,67.3z\"\/>\n\t<path class=\"elementor-shape-fill\" d=\"M766.1,28.9c-200-57.5-266,65.5-395.1,19.5C242,1.8,242,5.4,184.8,20.6C128,35.8,132.3,44.9,89.9,52.5C28.6,63.7,0,0,0,0 h1000c0,0-9.9,40.9-83.6,48.1S829.6,47,766.1,28.9z\"\/>\n<\/svg>\t\t<\/div>\n\t\t\t\t<div class=\"elementor-element elementor-element-79f09ef elementor-widget elementor-widget-heading\" data-id=\"79f09ef\" data-element_type=\"widget\" data-widget_type=\"heading.default\">\n\t\t\t\t\t<h2 class=\"elementor-heading-title elementor-size-default\">SERVICIOS<\/h2>\t\t\t\t<\/div>\n\t\t\t\t\t<\/div>\n\t\t\t\t<\/div>\n\t\t<div class=\"elementor-element elementor-element-bb177f3 e-flex e-con-boxed e-con e-parent\" data-id=\"bb177f3\" data-element_type=\"container\">\n\t\t\t\t\t<div class=\"e-con-inner\">\n\t\t\t\t<div class=\"elementor-element elementor-element-7e2dbdb elementor-widget elementor-widget-spacer\" data-id=\"7e2dbdb\" data-element_type=\"widget\" data-widget_type=\"spacer.default\">\n\t\t\t\t\t\t\t<div class=\"elementor-spacer\">\n\t\t\t<div class=\"elementor-spacer-inner\"><\/div>\n\t\t<\/div>\n\t\t\t\t\t\t<\/div>\n\t\t\t\t\t<\/div>\n\t\t\t\t<\/div>\n\t\t<div class=\"elementor-element elementor-element-d79e265 e-flex e-con-boxed e-con e-parent\" data-id=\"d79e265\" data-element_type=\"container\">\n\t\t\t\t\t<div class=\"e-con-inner\">\n\t\t\t\t<div class=\"elementor-element elementor-element-1d21060 elementor-widget elementor-widget-text-editor\" data-id=\"1d21060\" data-element_type=\"widget\" data-widget_type=\"text-editor.default\">\n\t\t\t\t\t\t\t\t\t<p>En KyR Aval\u00faos ofrecemos un portafolio integral de servicios de valoraci\u00f3n enfocados en diferentes sectores y necesidades, siempre ajustados a la normatividad vigente y desarrollados con criterios t\u00e9cnicos, \u00e9ticos y de transparencia. Nuestro objetivo es brindar confianza y respaldo a cada cliente, garantizando resultados precisos y confiables que apoyen la toma de decisiones en diversos \u00e1mbitos.<\/p>\t\t\t\t\t\t\t\t<\/div>\n\t\t\t\t\t<\/div>\n\t\t\t\t<\/div>\n\t\t<div class=\"elementor-element elementor-element-0fe659d e-flex e-con-boxed e-con e-parent\" data-id=\"0fe659d\" data-element_type=\"container\">\n\t\t\t\t\t<div class=\"e-con-inner\">\n\t\t\t\t<div class=\"elementor-element elementor-element-2313198 elementor-widget elementor-widget-shortcode\" data-id=\"2313198\" data-element_type=\"widget\" data-widget_type=\"shortcode.default\">\n\t\t\t\t\t\t\t<div class=\"elementor-shortcode\"><div class=\"pt-cv-wrapper\"><div class=\"pt-cv-view pt-cv-grid pt-cv-colsys\" id=\"pt-cv-view-a2384c99tm\"><div data-id=\"pt-cv-page-1\" class=\"pt-cv-page\" data-cvc=\"3\"><div class=\"col-md-4 col-sm-6 col-xs-12 pt-cv-content-item pt-cv-1-col\" ><div class='pt-cv-ifield'><a href=\"https:\/\/kyravaluos.com\/index.php\/2025\/08\/21\/avaluos-urbanos-2\/\" class=\"_self pt-cv-href-thumbnail pt-cv-thumb-default\" target=\"_self\" ><img fetchpriority=\"high\" decoding=\"async\" width=\"259\" height=\"300\" src=\"https:\/\/kyravaluos.com\/wp-content\/uploads\/2025\/08\/1-259x300.webp\" class=\"pt-cv-thumbnail\" alt=\"\" srcset=\"https:\/\/kyravaluos.com\/wp-content\/uploads\/2025\/08\/1-259x300.webp 259w, https:\/\/kyravaluos.com\/wp-content\/uploads\/2025\/08\/1-883x1024.webp 883w, https:\/\/kyravaluos.com\/wp-content\/uploads\/2025\/08\/1-768x890.webp 768w, https:\/\/kyravaluos.com\/wp-content\/uploads\/2025\/08\/1.webp 960w\" sizes=\"(max-width: 259px) 100vw, 259px\" \/><\/a>\n<div class=\"pt-cv-taxoterm above_title\"><a href='https:\/\/kyravaluos.com\/index.php\/category\/servicios\/' title='Servicios' class='pt-cv-tax-servicios'>Servicios<\/a><\/div>\n<h4 class=\"pt-cv-title\"><a href=\"https:\/\/kyravaluos.com\/index.php\/2025\/08\/21\/avaluos-urbanos-2\/\" class=\"_self\" target=\"_self\" >Aval\u00faos Urbanos<\/a><\/h4>\n<div class=\"pt-cv-content\">Casas, apartamentos, edificios, oficinas, locales comerciales, terrenos y bodegas situados total o parcialmente en \u00e1reas urbanas, lotes no clasificados en ...<br \/><div class=\"pt-cv-rmwrap\"><a href=\"https:\/\/kyravaluos.com\/index.php\/2025\/08\/21\/avaluos-urbanos-2\/\" class=\"_self pt-cv-readmore btn btn-success\" target=\"_self\">Leer M\u00e1s<\/a><\/div><\/div><\/div><\/div>\n<div class=\"col-md-4 col-sm-6 col-xs-12 pt-cv-content-item pt-cv-1-col\" ><div class='pt-cv-ifield'><a href=\"https:\/\/kyravaluos.com\/index.php\/2025\/08\/21\/avaluos-rurales\/\" class=\"_self pt-cv-href-thumbnail pt-cv-thumb-default\" target=\"_self\" ><img decoding=\"async\" width=\"300\" height=\"154\" src=\"https:\/\/kyravaluos.com\/wp-content\/uploads\/2025\/08\/R3-300x154.webp\" class=\"pt-cv-thumbnail\" alt=\"\" srcset=\"https:\/\/kyravaluos.com\/wp-content\/uploads\/2025\/08\/R3-300x154.webp 300w, https:\/\/kyravaluos.com\/wp-content\/uploads\/2025\/08\/R3-1024x527.webp 1024w, https:\/\/kyravaluos.com\/wp-content\/uploads\/2025\/08\/R3-768x395.webp 768w, https:\/\/kyravaluos.com\/wp-content\/uploads\/2025\/08\/R3-1536x790.webp 1536w, https:\/\/kyravaluos.com\/wp-content\/uploads\/2025\/08\/R3.webp 1600w\" sizes=\"(max-width: 300px) 100vw, 300px\" \/><\/a>\n<div class=\"pt-cv-taxoterm above_title\"><a href='https:\/\/kyravaluos.com\/index.php\/category\/servicios\/' title='Servicios' class='pt-cv-tax-servicios'>Servicios<\/a><\/div>\n<h4 class=\"pt-cv-title\"><a href=\"https:\/\/kyravaluos.com\/index.php\/2025\/08\/21\/avaluos-rurales\/\" class=\"_self\" target=\"_self\" >Aval\u00faos Rurales<\/a><\/h4>\n<div class=\"pt-cv-content\">Terrenos rurales con o sin construcciones, como viviendas, edificios, establos, galpones, cercas, sistemas de riego, drenaje, v\u00edas, adecuaci\u00f3n de suelos, ...<br \/><div class=\"pt-cv-rmwrap\"><a href=\"https:\/\/kyravaluos.com\/index.php\/2025\/08\/21\/avaluos-rurales\/\" class=\"_self pt-cv-readmore btn btn-success\" target=\"_self\">Leer M\u00e1s<\/a><\/div><\/div><\/div><\/div>\n<div class=\"col-md-4 col-sm-6 col-xs-12 pt-cv-content-item pt-cv-1-col\" ><div class='pt-cv-ifield'><a href=\"https:\/\/kyravaluos.com\/index.php\/2025\/08\/21\/avaluos-de-recursos-naturales-y-suelos-de-proteccion\/\" class=\"_self pt-cv-href-thumbnail pt-cv-thumb-default\" target=\"_self\" ><img decoding=\"async\" width=\"274\" height=\"300\" src=\"https:\/\/kyravaluos.com\/wp-content\/uploads\/2025\/08\/RN5-274x300.webp\" class=\"pt-cv-thumbnail\" alt=\"\" srcset=\"https:\/\/kyravaluos.com\/wp-content\/uploads\/2025\/08\/RN5-274x300.webp 274w, https:\/\/kyravaluos.com\/wp-content\/uploads\/2025\/08\/RN5-937x1024.webp 937w, https:\/\/kyravaluos.com\/wp-content\/uploads\/2025\/08\/RN5-768x840.webp 768w, https:\/\/kyravaluos.com\/wp-content\/uploads\/2025\/08\/RN5.webp 1200w\" sizes=\"(max-width: 274px) 100vw, 274px\" \/><\/a>\n<div class=\"pt-cv-taxoterm above_title\"><a href='https:\/\/kyravaluos.com\/index.php\/category\/servicios\/' title='Servicios' class='pt-cv-tax-servicios'>Servicios<\/a><\/div>\n<h4 class=\"pt-cv-title\"><a href=\"https:\/\/kyravaluos.com\/index.php\/2025\/08\/21\/avaluos-de-recursos-naturales-y-suelos-de-proteccion\/\" class=\"_self\" target=\"_self\" >Aval\u00faos de Recursos Naturales y Suelos de Protecci\u00f3n<\/a><\/h4>\n<div class=\"pt-cv-content\">Bienes ambientales, minas, yacimientos y explotaciones minerales. Lotes incluidos en la estructura ecol\u00f3gica principal, lotes definidos o contemplados en el ...<br \/><div class=\"pt-cv-rmwrap\"><a href=\"https:\/\/kyravaluos.com\/index.php\/2025\/08\/21\/avaluos-de-recursos-naturales-y-suelos-de-proteccion\/\" class=\"_self pt-cv-readmore btn btn-success\" target=\"_self\">Leer M\u00e1s<\/a><\/div><\/div><\/div><\/div>\n<div class=\"col-md-4 col-sm-6 col-xs-12 pt-cv-content-item pt-cv-1-col\" ><div class='pt-cv-ifield'><a href=\"https:\/\/kyravaluos.com\/index.php\/2025\/08\/21\/avaluos-de-obras-de-infraestructura-2\/\" class=\"_self pt-cv-href-thumbnail pt-cv-thumb-default\" target=\"_self\" ><img decoding=\"async\" src=\"https:\/\/kyravaluos.com\/wp-content\/plugins\/content-views-query-and-display-post-page\/public\/assets\/images\/default_image.png\" class=\"pt-cv-thumbnail cv-default-img\" alt=\"Aval\u00faos de Obras de Infraestructura\" title=\"\" \/><\/a>\n<div class=\"pt-cv-taxoterm above_title\"><a href='https:\/\/kyravaluos.com\/index.php\/category\/servicios\/' title='Servicios' class='pt-cv-tax-servicios'>Servicios<\/a><\/div>\n<h4 class=\"pt-cv-title\"><a href=\"https:\/\/kyravaluos.com\/index.php\/2025\/08\/21\/avaluos-de-obras-de-infraestructura-2\/\" class=\"_self\" target=\"_self\" >Aval\u00faos de Obras de Infraestructura<\/a><\/h4>\n<div class=\"pt-cv-content\">Estructuras especiales para proceso, puentes, t\u00faneles, acueductos y conducciones, presas, aeropuertos, muelles y dem\u00e1s construcciones civiles de infraestructura similar ...<br \/><div class=\"pt-cv-rmwrap\"><a href=\"https:\/\/kyravaluos.com\/index.php\/2025\/08\/21\/avaluos-de-obras-de-infraestructura-2\/\" class=\"_self pt-cv-readmore btn btn-success\" target=\"_self\">Leer M\u00e1s<\/a><\/div><\/div><\/div><\/div>\n<div class=\"col-md-4 col-sm-6 col-xs-12 pt-cv-content-item pt-cv-1-col\" ><div class='pt-cv-ifield'><a href=\"https:\/\/kyravaluos.com\/index.php\/2025\/08\/21\/avaluos-de-edificaciones-de-conservacion-arqueologica-y-monumentos-historicos\/\" class=\"_self pt-cv-href-thumbnail pt-cv-thumb-default\" target=\"_self\" ><img loading=\"lazy\" decoding=\"async\" width=\"283\" height=\"300\" src=\"https:\/\/kyravaluos.com\/wp-content\/uploads\/2025\/08\/C.A1-283x300.webp\" class=\"pt-cv-thumbnail\" alt=\"\" srcset=\"https:\/\/kyravaluos.com\/wp-content\/uploads\/2025\/08\/C.A1-283x300.webp 283w, https:\/\/kyravaluos.com\/wp-content\/uploads\/2025\/08\/C.A1-966x1024.webp 966w, https:\/\/kyravaluos.com\/wp-content\/uploads\/2025\/08\/C.A1-768x814.webp 768w, https:\/\/kyravaluos.com\/wp-content\/uploads\/2025\/08\/C.A1-1449x1536.webp 1449w, https:\/\/kyravaluos.com\/wp-content\/uploads\/2025\/08\/C.A1-1932x2048.webp 1932w\" sizes=\"(max-width: 283px) 100vw, 283px\" \/><\/a>\n<div class=\"pt-cv-taxoterm above_title\"><a href='https:\/\/kyravaluos.com\/index.php\/category\/servicios\/' title='Servicios' class='pt-cv-tax-servicios'>Servicios<\/a><\/div>\n<h4 class=\"pt-cv-title\"><a href=\"https:\/\/kyravaluos.com\/index.php\/2025\/08\/21\/avaluos-de-edificaciones-de-conservacion-arqueologica-y-monumentos-historicos\/\" class=\"_self\" target=\"_self\" >Aval\u00faos de Edificaciones de Conservaci\u00f3n Arqueol\u00f3gica y Monumentos Hist\u00f3ricos<\/a><\/h4>\n<div class=\"pt-cv-content\">Edificaciones de conservaci\u00f3n arquitect\u00f3nica y monumentos hist\u00f3ricos ...<br \/><div class=\"pt-cv-rmwrap\"><a href=\"https:\/\/kyravaluos.com\/index.php\/2025\/08\/21\/avaluos-de-edificaciones-de-conservacion-arqueologica-y-monumentos-historicos\/\" class=\"_self pt-cv-readmore btn btn-success\" target=\"_self\">Leer M\u00e1s<\/a><\/div><\/div><\/div><\/div>\n<div class=\"col-md-4 col-sm-6 col-xs-12 pt-cv-content-item pt-cv-1-col\" ><div class='pt-cv-ifield'><a href=\"https:\/\/kyravaluos.com\/index.php\/2025\/08\/21\/avaluos-de-inmuebles-especiales\/\" class=\"_self pt-cv-href-thumbnail pt-cv-thumb-default\" target=\"_self\" ><img loading=\"lazy\" decoding=\"async\" width=\"300\" height=\"225\" src=\"https:\/\/kyravaluos.com\/wp-content\/uploads\/2025\/08\/I.E4-300x225.webp\" class=\"pt-cv-thumbnail\" alt=\"\" srcset=\"https:\/\/kyravaluos.com\/wp-content\/uploads\/2025\/08\/I.E4-300x225.webp 300w, https:\/\/kyravaluos.com\/wp-content\/uploads\/2025\/08\/I.E4-768x576.webp 768w, https:\/\/kyravaluos.com\/wp-content\/uploads\/2025\/08\/I.E4.webp 1024w\" sizes=\"(max-width: 300px) 100vw, 300px\" \/><\/a>\n<div class=\"pt-cv-taxoterm above_title\"><a href='https:\/\/kyravaluos.com\/index.php\/category\/servicios\/' title='Servicios' class='pt-cv-tax-servicios'>Servicios<\/a><\/div>\n<h4 class=\"pt-cv-title\"><a href=\"https:\/\/kyravaluos.com\/index.php\/2025\/08\/21\/avaluos-de-inmuebles-especiales\/\" class=\"_self\" target=\"_self\" >Aval\u00faos de Inmuebles Especiales<\/a><\/h4>\n<div class=\"pt-cv-content\">Incluye centros comerciales, hoteles, colegios, hospitales, cl\u00ednicas y avance de obras. Incluye todos los inmuebles que no se clasifiquen dentro ...<br \/><div class=\"pt-cv-rmwrap\"><a href=\"https:\/\/kyravaluos.com\/index.php\/2025\/08\/21\/avaluos-de-inmuebles-especiales\/\" class=\"_self pt-cv-readmore btn btn-success\" target=\"_self\">Leer M\u00e1s<\/a><\/div><\/div><\/div><\/div>\n<div class=\"col-md-4 col-sm-6 col-xs-12 pt-cv-content-item pt-cv-1-col\" ><div class='pt-cv-ifield'><a href=\"https:\/\/kyravaluos.com\/index.php\/2025\/08\/21\/avaluos-de-activos-operacionales-y-establecimientos-de-comercio\/\" class=\"_self pt-cv-href-thumbnail pt-cv-thumb-default\" target=\"_self\" ><img decoding=\"async\" src=\"https:\/\/kyravaluos.com\/wp-content\/plugins\/content-views-query-and-display-post-page\/public\/assets\/images\/default_image.png\" class=\"pt-cv-thumbnail cv-default-img\" alt=\"Aval\u00faos de Activos Operacionales y Establecimientos de Comercio\" title=\"\" \/><\/a>\n<div class=\"pt-cv-taxoterm above_title\"><a href='https:\/\/kyravaluos.com\/index.php\/category\/servicios\/' title='Servicios' class='pt-cv-tax-servicios'>Servicios<\/a><\/div>\n<h4 class=\"pt-cv-title\"><a href=\"https:\/\/kyravaluos.com\/index.php\/2025\/08\/21\/avaluos-de-activos-operacionales-y-establecimientos-de-comercio\/\" class=\"_self\" target=\"_self\" >Aval\u00faos de Activos Operacionales y Establecimientos de Comercio<\/a><\/h4>\n<div class=\"pt-cv-content\">Revalorizaci\u00f3n de activos, inventarios, materia prima, producto en proceso y producto terminado. Establecimientos de comercio ...<br \/><div class=\"pt-cv-rmwrap\"><a href=\"https:\/\/kyravaluos.com\/index.php\/2025\/08\/21\/avaluos-de-activos-operacionales-y-establecimientos-de-comercio\/\" class=\"_self pt-cv-readmore btn btn-success\" target=\"_self\">Leer M\u00e1s<\/a><\/div><\/div><\/div><\/div>\n<div class=\"col-md-4 col-sm-6 col-xs-12 pt-cv-content-item pt-cv-1-col\" ><div class='pt-cv-ifield'><a href=\"https:\/\/kyravaluos.com\/index.php\/2025\/08\/21\/avaluos-de-intangibles-especiales\/\" class=\"_self pt-cv-href-thumbnail pt-cv-thumb-default\" target=\"_self\" ><img loading=\"lazy\" decoding=\"async\" width=\"272\" height=\"300\" src=\"https:\/\/kyravaluos.com\/wp-content\/uploads\/2025\/08\/INT.E4-272x300.webp\" class=\"pt-cv-thumbnail\" alt=\"\" srcset=\"https:\/\/kyravaluos.com\/wp-content\/uploads\/2025\/08\/INT.E4-272x300.webp 272w, https:\/\/kyravaluos.com\/wp-content\/uploads\/2025\/08\/INT.E4-927x1024.webp 927w, https:\/\/kyravaluos.com\/wp-content\/uploads\/2025\/08\/INT.E4-768x848.webp 768w, https:\/\/kyravaluos.com\/wp-content\/uploads\/2025\/08\/INT.E4-1391x1536.webp 1391w, https:\/\/kyravaluos.com\/wp-content\/uploads\/2025\/08\/INT.E4-1854x2048.webp 1854w\" sizes=\"(max-width: 272px) 100vw, 272px\" \/><\/a>\n<div class=\"pt-cv-taxoterm above_title\"><a href='https:\/\/kyravaluos.com\/index.php\/category\/servicios\/' title='Servicios' class='pt-cv-tax-servicios'>Servicios<\/a><\/div>\n<h4 class=\"pt-cv-title\"><a href=\"https:\/\/kyravaluos.com\/index.php\/2025\/08\/21\/avaluos-de-intangibles-especiales\/\" class=\"_self\" target=\"_self\" >Aval\u00faos de Intangibles Especiales<\/a><\/h4>\n<div class=\"pt-cv-content\">Da\u00f1o emergente, lucro cesante, da\u00f1o moral, servidumbres, derechos herenciales y litigiosos y dem\u00e1s derechos de indemnizaci\u00f3n o c\u00e1lculos compensatorios y ...<br \/><div class=\"pt-cv-rmwrap\"><a href=\"https:\/\/kyravaluos.com\/index.php\/2025\/08\/21\/avaluos-de-intangibles-especiales\/\" class=\"_self pt-cv-readmore btn btn-success\" target=\"_self\">Leer M\u00e1s<\/a><\/div><\/div><\/div><\/div><\/div><\/div><\/div><\/div>\n\t\t\t\t\t\t<\/div>\n\t\t\t\t\t<\/div>\n\t\t\t\t<\/div>\n\t\t\t\t<\/div>\n\t\t","protected":false},"excerpt":{"rendered":"<p>SERVICIOS En KyR Aval\u00faos ofrecemos un portafolio integral de servicios de valoraci\u00f3n enfocados en diferentes sectores y necesidades, siempre ajustados [&hellip;]<\/p>\n","protected":false},"author":2,"featured_media":0,"parent":0,"menu_order":0,"comment_status":"closed","ping_status":"closed","template":"","meta":{"site-sidebar-layout":"no-sidebar","site-content-layout":"","ast-site-content-layout":"full-width-container","site-content-style":"default","site-sidebar-style":"default","ast-global-header-display":"","ast-banner-title-visibility":"","ast-main-header-display":"","ast-hfb-above-header-display":"","ast-hfb-below-header-display":"","ast-hfb-mobile-header-display":"","site-post-title":"disabled","ast-breadcrumbs-content":"","ast-featured-img":"disabled","footer-sml-layout":"","theme-transparent-header-meta":"","adv-header-id-meta":"","stick-header-meta":"","header-above-stick-meta":"","header-main-stick-meta":"","header-below-stick-meta":"","astra-migrate-meta-layouts":"default","ast-page-background-enabled":"default","ast-page-background-meta":{"desktop":{"background-color":"var(--ast-global-color-5)","background-image":"","background-repeat":"repeat","background-position":"center center","background-size":"auto","background-attachment":"scroll","background-type":"","background-media":"","overlay-type":"","overlay-color":"","overlay-opacity":"","overlay-gradient":""},"tablet":{"background-color":"","background-image":"","background-repeat":"repeat","background-position":"center center","background-size":"auto","background-attachment":"scroll","background-type":"","background-media":"","overlay-type":"","overlay-color":"","overlay-opacity":"","overlay-gradient":""},"mobile":{"background-color":"","background-image":"","background-repeat":"repeat","background-position":"center center","background-size":"auto","background-attachment":"scroll","background-type":"","background-media":"","overlay-type":"","overlay-color":"","overlay-opacity":"","overlay-gradient":""}},"ast-content-background-meta":{"desktop":{"background-color":"var(--ast-global-color-4)","background-image":"","background-repeat":"repeat","background-position":"center center","background-size":"auto","background-attachment":"scroll","background-type":"","background-media":"","overlay-type":"","overlay-color":"","overlay-opacity":"","overlay-gradient":""},"tablet":{"background-color":"var(--ast-global-color-4)","background-image":"","background-repeat":"repeat","background-position":"center center","background-size":"auto","background-attachment":"scroll","background-type":"","background-media":"","overlay-type":"","overlay-color":"","overlay-opacity":"","overlay-gradient":""},"mobile":{"background-color":"var(--ast-global-color-4)","background-image":"","background-repeat":"repeat","background-position":"center center","background-size":"auto","background-attachment":"scroll","background-type":"","background-media":"","overlay-type":"","overlay-color":"","overlay-opacity":"","overlay-gradient":""}},"footnotes":""},"class_list":["post-20","page","type-page","status-publish","hentry"],"_links":{"self":[{"href":"https:\/\/kyravaluos.com\/index.php\/wp-json\/wp\/v2\/pages\/20","targetHints":{"allow":["GET"]}}],"collection":[{"href":"https:\/\/kyravaluos.com\/index.php\/wp-json\/wp\/v2\/pages"}],"about":[{"href":"https:\/\/kyravaluos.com\/index.php\/wp-json\/wp\/v2\/types\/page"}],"author":[{"embeddable":true,"href":"https:\/\/kyravaluos.com\/index.php\/wp-json\/wp\/v2\/users\/2"}],"replies":[{"embeddable":true,"href":"https:\/\/kyravaluos.com\/index.php\/wp-json\/wp\/v2\/comments?post=20"}],"version-history":[{"count":13,"href":"https:\/\/kyravaluos.com\/index.php\/wp-json\/wp\/v2\/pages\/20\/revisions"}],"predecessor-version":[{"id":435,"href":"https:\/\/kyravaluos.com\/index.php\/wp-json\/wp\/v2\/pages\/20\/revisions\/435"}],"wp:attachment":[{"href":"https:\/\/kyravaluos.com\/index.php\/wp-json\/wp\/v2\/media?parent=20"}],"curies":[{"name":"wp","href":"https:\/\/api.w.org\/{rel}","templated":true}]}}